{"id":11,"date":"2019-05-08T15:08:41","date_gmt":"2019-05-08T13:08:41","guid":{"rendered":"https:\/\/www.holzbau-juelich.de\/zimmerei_juelich\/?page_id=11"},"modified":"2019-05-08T20:39:15","modified_gmt":"2019-05-08T18:39:15","slug":"ueber-uns","status":"publish","type":"page","link":"https:\/\/www.holzbau-juelich.de\/zimmerei_juelich\/ueber-uns\/","title":{"rendered":"\u00dcber uns"},"content":{"rendered":"<p>ERFAHRUNG. KOMPETENZ. LEIDENSCHAFT.<\/p>\n<p>Seit \u00fcber 15 Jahren arbeiten wir nun in unserem Meisterbetrieb mit unserem treuen Team im Holzbau &#8211; da kommt einiges an Erfahrung zusammen!<\/p>\n<p>Mit dieser Erfahrung gepaart mit fundiertem Fachwissen und praktischem Knowhow gehen wir Ihre Projekte kompetent an. Das beginnt bereits mit einer intensiven Beratung, bei der wir Ihnen genau zu h\u00f6ren, um die f\u00fcr Sie perfekt passende L\u00f6sung zu finden.<br \/>Und schlie\u00dflich gehen wir mit Freude ans Werk &#8211; und dieses Motto ist bei uns beileibe keine Floskel, sondern t\u00e4glich gelebte Realit\u00e4t.<\/p>\n<p>So schaffen wir eine verl\u00e4ssliche und freundliche Basis f\u00fcr eine erfolgreiche Zusammenarbeit und f\u00fcr Zufriedenheit bei unseren Kunden.<\/p>\n\n\n<div class=\"wp-block-image\"><figure class=\"aligncenter\"><img loading=\"lazy\" width=\"1000\" height=\"562\" src=\"https:\/\/www.holzbau-juelich.de\/zimmerei_juelich\/wp-content\/uploads\/2019\/05\/Fahrzeuge.png\" alt=\"\" class=\"wp-image-138\" srcset=\"https:\/\/www.holzbau-juelich.de\/zimmerei_juelich\/wp-content\/uploads\/2019\/05\/Fahrzeuge.png 1000w, https:\/\/www.holzbau-juelich.de\/zimmerei_juelich\/wp-content\/uploads\/2019\/05\/Fahrzeuge-300x169.png 300w, https:\/\/www.holzbau-juelich.de\/zimmerei_juelich\/wp-content\/uploads\/2019\/05\/Fahrzeuge-768x432.png 768w\" sizes=\"(max-width: 1000px) 100vw, 1000px\" \/><\/figure><\/div>\n","protected":false},"excerpt":{"rendered":"<p>ERFAHRUNG. KOMPETENZ. LEIDENSCHAFT. Seit \u00fcber 15 Jahren arbeiten wir nun in unserem Meisterbetrieb mit unserem treuen Team im Holzbau &#8211; da kommt einiges an Erfahrung zusammen! Mit dieser Erfahrung gepaart mit fundiertem Fachwissen und praktischem Knowhow gehen wir Ihre Projekte&hellip; <\/p>\n","protected":false},"author":1,"featured_media":0,"parent":0,"menu_order":0,"comment_status":"closed","ping_status":"closed","template":"","meta":[],"_links":{"self":[{"href":"https:\/\/www.holzbau-juelich.de\/zimmerei_juelich\/wp-json\/wp\/v2\/pages\/11"}],"collection":[{"href":"https:\/\/www.holzbau-juelich.de\/zimmerei_juelich\/wp-json\/wp\/v2\/pages"}],"about":[{"href":"https:\/\/www.holzbau-juelich.de\/zimmerei_juelich\/wp-json\/wp\/v2\/types\/page"}],"author":[{"embeddable":true,"href":"https:\/\/www.holzbau-juelich.de\/zimmerei_juelich\/wp-json\/wp\/v2\/users\/1"}],"replies":[{"embeddable":true,"href":"https:\/\/www.holzbau-juelich.de\/zimmerei_juelich\/wp-json\/wp\/v2\/comments?post=11"}],"version-history":[{"count":6,"href":"https:\/\/www.holzbau-juelich.de\/zimmerei_juelich\/wp-json\/wp\/v2\/pages\/11\/revisions"}],"predecessor-version":[{"id":144,"href":"https:\/\/www.holzbau-juelich.de\/zimmerei_juelich\/wp-json\/wp\/v2\/pages\/11\/revisions\/144"}],"wp:attachment":[{"href":"https:\/\/www.holzbau-juelich.de\/zimmerei_juelich\/wp-json\/wp\/v2\/media?parent=11"}],"curies":[{"name":"wp","href":"https:\/\/api.w.org\/{rel}","templated":true}]}}