{"id":17,"date":"2019-05-08T15:09:58","date_gmt":"2019-05-08T13:09:58","guid":{"rendered":"https:\/\/www.holzbau-juelich.de\/zimmerei_juelich\/?page_id=17"},"modified":"2019-05-09T11:18:17","modified_gmt":"2019-05-09T09:18:17","slug":"leistungen","status":"publish","type":"page","link":"https:\/\/www.holzbau-juelich.de\/zimmerei_juelich\/leistungen\/","title":{"rendered":"Leistungen"},"content":{"rendered":"<p>WERTE ERHALTEN, DENKMALSCHUTZ.<\/p>\n\n<div id=\"metaslider-id-380\" style=\"max-width: 1280px; margin: 0 auto;\" class=\"ml-slider-3-27-11 metaslider metaslider-nivo metaslider-380 ml-slider ms-theme-blend\">\n    <div id=\"metaslider_container_380\">\n        <div class='slider-wrapper theme-default'><div class='ribbon'><\/div><div id='metaslider_380' class='nivoSlider'><img src=\"https:\/\/www.holzbau-juelich.de\/zimmerei_juelich\/wp-content\/uploads\/2019\/05\/startseite03.jpg\" height=\"333\" width=\"1280\" title=\"startseite03\" alt=\"\" class=\"slider-380 slide-381\" \/><img src=\"https:\/\/www.holzbau-juelich.de\/zimmerei_juelich\/wp-content\/uploads\/2019\/05\/startseite01.jpg\" height=\"333\" width=\"1280\" title=\"startseite01\" alt=\"\" class=\"slider-380 slide-382\" \/><img src=\"https:\/\/www.holzbau-juelich.de\/zimmerei_juelich\/wp-content\/uploads\/2019\/05\/startseite02.jpg\" height=\"333\" width=\"1280\" title=\"startseite02\" alt=\"\" class=\"slider-380 slide-383\" \/><\/div><\/div>\n        \n    <\/div>\n<\/div>\n\n\n<p><br \/>Wir sind Experten in Sanierung von altem Fachwerk. Doch nicht immer ist gleich eine aufwendige Sanierung n\u00f6tig, sondern eine fachm\u00e4nnisch ausgef\u00fchrte Reparatur v\u00f6llig ausreichend. Welche dieser Optionen zutrifft, entscheidet sich nach einer gr\u00fcndlichen Bestandsaufnahme vor Ort.<br \/><br \/>Und: Wir erneuern morsche oder defekte Holzbalken\/-teile in Dachst\u00fchlen\u00a0<br \/>Deckenbalken oder reparieren Sturm- und Hagelsch\u00e4den in D\u00e4chern.<\/p>","protected":false},"excerpt":{"rendered":"<p>WERTE ERHALTEN, DENKMALSCHUTZ. Wir sind Experten in Sanierung von altem Fachwerk. Doch nicht immer ist gleich eine aufwendige Sanierung n\u00f6tig, sondern eine fachm\u00e4nnisch ausgef\u00fchrte Reparatur v\u00f6llig ausreichend. Welche dieser Optionen zutrifft, entscheidet sich nach einer gr\u00fcndlichen Bestandsaufnahme vor Ort. Und:&hellip; <\/p>\n","protected":false},"author":1,"featured_media":0,"parent":0,"menu_order":0,"comment_status":"closed","ping_status":"closed","template":"","meta":[],"_links":{"self":[{"href":"https:\/\/www.holzbau-juelich.de\/zimmerei_juelich\/wp-json\/wp\/v2\/pages\/17"}],"collection":[{"href":"https:\/\/www.holzbau-juelich.de\/zimmerei_juelich\/wp-json\/wp\/v2\/pages"}],"about":[{"href":"https:\/\/www.holzbau-juelich.de\/zimmerei_juelich\/wp-json\/wp\/v2\/types\/page"}],"author":[{"embeddable":true,"href":"https:\/\/www.holzbau-juelich.de\/zimmerei_juelich\/wp-json\/wp\/v2\/users\/1"}],"replies":[{"embeddable":true,"href":"https:\/\/www.holzbau-juelich.de\/zimmerei_juelich\/wp-json\/wp\/v2\/comments?post=17"}],"version-history":[{"count":11,"href":"https:\/\/www.holzbau-juelich.de\/zimmerei_juelich\/wp-json\/wp\/v2\/pages\/17\/revisions"}],"predecessor-version":[{"id":394,"href":"https:\/\/www.holzbau-juelich.de\/zimmerei_juelich\/wp-json\/wp\/v2\/pages\/17\/revisions\/394"}],"wp:attachment":[{"href":"https:\/\/www.holzbau-juelich.de\/zimmerei_juelich\/wp-json\/wp\/v2\/media?parent=17"}],"curies":[{"name":"wp","href":"https:\/\/api.w.org\/{rel}","templated":true}]}}