{"id":396,"date":"2019-05-09T14:02:17","date_gmt":"2019-05-09T12:02:17","guid":{"rendered":"https:\/\/www.holzbau-juelich.de\/zimmerei_juelich\/?page_id=396"},"modified":"2019-05-10T07:57:34","modified_gmt":"2019-05-10T05:57:34","slug":"datenschutzerklaerung-2","status":"publish","type":"page","link":"https:\/\/www.holzbau-juelich.de\/zimmerei_juelich\/datenschutzerklaerung-2\/","title":{"rendered":"Datenschutzerkl\u00e4rung"},"content":{"rendered":"<p>Wir bedanken uns f\u00fcr Ihr Interesse an unserem Online-Auftritt. Der Schutz Ihrer pers\u00f6nlichen Daten ist uns besonders wichtig.<\/p>\n<p>Wir, die Betreiber dieser Seiten nehmen den Schutz Ihrer pers\u00f6nlichen Daten sehr ernst. Wir behandeln Ihre personenbezogenen Daten vertraulich und entsprechend der gesetzlichen Datenschutzvorschriften sowie dieser Datenschutzerkl\u00e4rung.<\/p>\n<p>Die Nutzung unserer Website ist in der Regel ohne Angabe personenbezogener Daten m\u00f6glich. Soweit auf unseren Seiten personenbezogene Daten (beispielsweise Name, Anschrift oder E-Mail-Adressen) erhoben werden, erfolgt dies, soweit m\u00f6glich, stets auf freiwilliger Basis. Diese Daten werden ohne Ihre ausdr\u00fcckliche Zustimmung nicht an Dritte weitergegeben.<\/p>\n<p>Wir weisen darauf hin, dass die Daten\u00fcbertragung im Internet (z.B. bei der Kommunikation per E-Mail) Sicherheitsl\u00fccken aufweisen kann. Ein l\u00fcckenloser Schutz der Daten vor dem Zugriff durch Dritte ist nicht m\u00f6glich.<\/p>\n<p><img loading=\"lazy\" class=\"alignnone size-full wp-image-423\" src=\"https:\/\/www.holzbau-juelich.de\/zimmerei_juelich\/wp-content\/uploads\/2019\/05\/Datenschutz-Kontakt.png\" alt=\"\" width=\"197\" height=\"165\" \/><\/p>\n<hr \/>\n<p><strong>SSL-Verschl\u00fcsselung<\/strong><br \/>\nDiese Seite nutzt aus Gr\u00fcnden der Sicherheit und zum Schutz der \u00dcbertragung vertraulicher Inhalte, wie zum Beispiel der Anfragen, die Sie an uns als Seitenbetreiber senden, eine SSL-Verschl\u00fcsselung. Eine verschl\u00fcsselte Verbindung erkennen Sie daran, dass die Adresszeile des Browsers von \u201e<strong>http:\/\/<\/strong>\u201c auf \u201e<strong>https:\/\/<\/strong>\u201c wechselt und an dem Schloss-Symbol in Ihrer Browserzeile.<\/p>\n<p>Wenn die SSL Verschl\u00fcsselung aktiviert ist, k\u00f6nnen die Daten, die Sie an uns \u00fcbermitteln, nicht von Dritten mitgelesen werden.<\/p>\n<p><strong>Daten\u00fcbermittlung und -protokollierung zu systeminternen und statischen Zwecken<\/strong><br \/>\nDer Provider der Seiten erhebt und speichert automatisch Informationen in so genannten Server-Log Files, die Ihr Browser automatisch an uns \u00fcbermittelt. Dies sind:<\/p>\n<ul>\n<li>Browsertyp und Browserversion<\/li>\n<li>verwendetes Betriebssystem<\/li>\n<li>Referrer URL<\/li>\n<li>Hostname des zugreifenden Rechners<\/li>\n<li>Uhrzeit der Serveranfrage<\/li>\n<\/ul>\n<p>Diese Daten sind nicht bestimmten Personen zuordenbar. Eine Zusammenf\u00fchrung dieser Daten mit anderen Datenquellen wird nicht vorgenommen. Wir behalten uns vor, diese Daten nachtr\u00e4glich zu pr\u00fcfen, wenn uns konkrete Anhaltspunkte f\u00fcr eine rechtswidrige Nutzung bekannt werden.<\/p>\n<p><strong>Recht auf Auskunft, L\u00f6schung, Sperrung<\/strong><br \/>\nSie haben jederzeit das Recht auf unentgeltliche Auskunft \u00fcber Ihre gespeicherten personenbezogenen Daten, deren Herkunft und Empf\u00e4nger und den Zweck der Datenverarbeitung sowie ein Recht auf Berichtigung, Sperrung oder L\u00f6schung dieser Daten. Hierzu sowie zu weiteren Fragen zum Thema personenbezogene Daten k\u00f6nnen Sie sich jederzeit unter der im Impressum angegebenen Adresse an <a href=\"https:\/\/www.holzbau-juelich.de\/zimmerei_juelich\/impressum-2\/\" target=\"_blank\" rel=\"noopener noreferrer\">uns<\/a> wenden.<\/p>\n<p><strong>Widerspruch Werbe-Mails<\/strong><br \/>\nDer Nutzung von im Rahmen der Impressumspflicht ver\u00f6ffentlichten Kontaktdaten zur \u00dcbersendung von nicht ausdr\u00fccklich angeforderter Werbung und Informationsmaterialien wird hiermit widersprochen. Die Betreiber der Seiten behalten sich ausdr\u00fccklich rechtliche Schritte im Falle der unverlangten Zusendung<br \/>\nvon Werbeinformationen, etwa durch Spam-E-Mails, vor.<\/p>\n<p><strong>Bestandsdaten<\/strong><br \/>\nSofern zwischen Ihnen und uns ein Vertragsverh\u00e4ltnis begr\u00fcndet, inhaltlich ausgestaltet oder ge\u00e4ndert werden soll, erheben und verwenden wir personenbezogene Daten von Ihnen, soweit dies zu diesen Zwecken erforderlich ist.<br \/>\nAuf Anordnung der zust\u00e4ndigen Stellen d\u00fcrfen wir im Einzelfall Auskunft \u00fcber diese Daten erteilen, soweit dies f\u00fcr Zwecke der Strafverfolgung, zur Gefahrenabwehr, zur Erf\u00fcllung der gesetzlichen Aufgaben der Verfassungsschutzbeh\u00f6rden oder des Milit\u00e4rischen Abschirmdienstes oder zur Durchsetzung der Rechte am geistigen Eigentum erforderlich ist.<\/p>\n<p><strong>Nutzung und Weitergabe personenbezogener Daten<\/strong><br \/>\nWir erheben und verwenden personenbezogene Daten von Ihnen, soweit dies erforderlich ist, um die Inanspruchnahme unseres Internetangebotes zu erm\u00f6glichen oder abzurechnen, d.h. bei Warenbestellung, bei Er\u00f6ffnung eines Kundenkontos oder bei der Registrierung f\u00fcr unseren Newsletter. Dies erfolgt, soweit m\u00f6glich, stets auf freiwilliger Basis. Zu personenbezogenen Daten z\u00e4hlen insbesondere Merkmale zu Ihrer Identifikation wie Name, Anschrift, E-Mail Adresse oder Telefonnummer, au\u00dferdem auch Angaben zu Beginn und Ende sowie des Umfangs der Nutzung unseres Angebotes.<\/p>\n<p>Wenn Sie uns mit der Erbringung einer Dienstleistung oder der Zusendung von Ware beauftragen, werden Ihre pers\u00f6nlichen Daten ohne Ihre gesonderte Einwilligung nur insoweit verwendet, wie es f\u00fcr die Erbringung der Dienstleistung oder die Durchf\u00fchrung des Vertrages notwendig ist.<\/p>\n<p><strong>Kontaktformular \/\u00a0Kontaktaufnahme<\/strong><br \/>\nWenn Sie uns per Kontaktformular Anfragen zukommen lassen, werden Ihre Angaben aus dem Anfrageformular inklusive der von Ihnen dort angegebenen Kontaktdaten zwecks Bearbeitung der Anfrage und f\u00fcr den Fall von Anschlussfragen bei uns gespeichert. Diese Daten geben wir nicht ohne Ihre Einwilligung weiter.<\/p>\n<p><strong>Kommentare und Beitr\u00e4ge<\/strong><br \/>\nF\u00fcr die Kommentarfunktion auf dieser Seite werden neben Ihrem Kommentar auch Angaben zum Zeitpunkt der Erstellung des Kommentars, Ihre E-Mail-Adresse und, wenn Sie nicht anonym posten, der von Ihnen gew\u00e4hlte Nutzername gespeichert.<\/p>\n<p>Speicherung der IP Adresse<br \/>\nUnsere Kommentarfunktion speichert die IP-Adressen der Nutzer, die Kommentare verfassen. Wir pr\u00fcfen zwar die Kommentare und Beitr\u00e4ge vor der Freischaltung, jedoch ben\u00f6tigen wir diese Daten, um im Falle von Rechtsverletzungen wie Beleidigungen oder Propaganda gegen den Verfasser vorgehen zu k\u00f6nnen.<\/p>\n<p><strong>Einbindung von Diensten und Inhalten Dritter<\/strong><br \/>\nEs kann vorkommen, dass innerhalb dieses Onlineangebotes Inhalte Dritter, wie zum Beispiel Videos von YouTube, Kartenmaterial von Google-Maps, RSS-Feeds oder Grafiken von anderen Webseiten eingebunden werden. Dies setzt immer voraus, dass die Anbieter dieser Inhalte (nachfolgend bezeichnet als \u201eDritt-Anbieter\u201c) die IP-Adresse der Nutzer wahr nehmen. Denn ohne die IP-Adresse, k\u00f6nnten sie die Inhalte nicht an den Browser des jeweiligen Nutzers senden. Die IP-Adresse ist damit f\u00fcr die Darstellung dieser Inhalte erforderlich. Wir bem\u00fchen uns nur solche Inhalte zu verwenden, deren jeweilige Anbieter die IP-Adresse lediglich zur Auslieferung der Inhalte verwenden. Jedoch haben wir keinen Einfluss darauf, falls die Dritt-Anbieter die IP-Adresse z.B. f\u00fcr statistische Zwecke speichern. Soweit dies uns bekannt ist, kl\u00e4ren wir die Nutzer dar\u00fcber auf.<\/p>\n<p><strong>Verwendung von Cookies<\/strong><br \/>\nDie Internetseiten verwenden teilweise so genannte Cookies. Cookies richten auf Ihrem Rechner keinen Schaden an und enthalten keine Viren. Cookies dienen dazu, unser Angebot benutzerfreundlicher, effektiver und sicherer zu machen. Cookies sind kleine Textdateien, die auf Ihrem Rechner abgelegt werden und die Ihr Browser speichert.<\/p>\n<p>Die meisten der von uns verwendeten Cookies sind so genannte \u201eSession-Cookies\u201c. Sie werden nach Ende Ihres Besuchs automatisch gel\u00f6scht. Andere Cookies bleiben auf Ihrem Endger\u00e4t gespeichert, bis Sie diese l\u00f6schen. Diese Cookies erm\u00f6glichen es uns, Ihren Browser beim n\u00e4chsten Besuch wieder zuerkennen.<\/p>\n<p>Sie k\u00f6nnen Ihren Browser so einstellen, dass Sie \u00fcber das Setzen von Cookies informiert werden und Cookies nur im Einzelfall erlauben, die Annahme von Cookies f\u00fcr bestimmte F\u00e4lle oder generell ausschlie\u00dfen sowie das automatische L\u00f6schen der Cookies beim Schlie\u00dfen des Browser aktivieren. Bei der Deaktivierung von Cookies kann die Funktionalit\u00e4t dieser Website eingeschr\u00e4nkt sein.<\/p>\n<p><strong>Verwendung von Webfonts<\/strong><br \/>\nAuf diesen Internetseiten werden externe Schriften, Google Fonts verwendet. Google Fonts ist ein Dienst der Google Inc. (&#8222;Google&#8220;). Die Einbindung dieser Web Fonts erfolgt durch einen Serveraufruf, in der Regel ein Server von Google in den USA. Hierdurch wird an den Server \u00fcbermittelt, welche unserer Internetseiten Sie besucht haben. Auch wird die IP-Adresse des Browsers des Endger\u00e4tes des Besuchers dieser Internetseiten von Google gespeichert. N\u00e4here Informationen finden Sie in den Datenschutzhinweisen\u00a0von Google, die Sie hier abrufen k\u00f6nnen:<br \/>\nwww.google.com\/fonts#AboutPlace:about<br \/>\nwww.google.com\/policies\/privacy\/<\/p>\n<p><strong>Minderj\u00e4hrigenschutz<\/strong><br \/>\nWir fordern keine personenbezogenen Daten von Personen unter 18 Jahren (Kinder und Jugendliche) an. Wissentlich sammeln wir solche Daten nicht und geben sie auch nicht an Dritte weiter.<\/p>\n<p><strong>Sicherheit<\/strong><br \/>\nDieses Internetangebot setzt technische und organisatorische Sicherheitsma\u00dfnahmen ein, um Ihre zur Verf\u00fcgung gestellten personenbezogenen Daten durch zuf\u00e4llige oder vors\u00e4tzliche Manipulation, Verlust, Zerst\u00f6rung oder Zugriff unberechtigter Personen zu sch\u00fctzen. Es ist allerdings nicht ausgeschlossen, dass Daten bei der \u00dcbermittlung von Unbefugten zur Kenntnis genommen und eventuell sogar verf\u00e4lscht werden. Falls Sie vertrauliche Anfragen an uns senden, sollten Sie diese daher elektronisch signieren oder gegebenenfalls verschl\u00fcsseln.<\/p>\n<p><strong>Quellen:<\/strong><br \/>\neRecht24 Disclaimer, eRecht24 Datenschutzerkl\u00e4rung, Rechtsanwaltskanzlei Thomas Schwenke-Mustervorlagen<\/p>\n","protected":false},"excerpt":{"rendered":"<p>Wir bedanken uns f\u00fcr Ihr Interesse an unserem Online-Auftritt. Der Schutz Ihrer pers\u00f6nlichen Daten ist uns besonders wichtig. Wir, die Betreiber dieser Seiten nehmen den Schutz Ihrer pers\u00f6nlichen Daten sehr ernst. Wir behandeln Ihre personenbezogenen Daten vertraulich und entsprechend der&hellip; <\/p>\n","protected":false},"author":1,"featured_media":0,"parent":0,"menu_order":0,"comment_status":"closed","ping_status":"closed","template":"","meta":[],"_links":{"self":[{"href":"https:\/\/www.holzbau-juelich.de\/zimmerei_juelich\/wp-json\/wp\/v2\/pages\/396"}],"collection":[{"href":"https:\/\/www.holzbau-juelich.de\/zimmerei_juelich\/wp-json\/wp\/v2\/pages"}],"about":[{"href":"https:\/\/www.holzbau-juelich.de\/zimmerei_juelich\/wp-json\/wp\/v2\/types\/page"}],"author":[{"embeddable":true,"href":"https:\/\/www.holzbau-juelich.de\/zimmerei_juelich\/wp-json\/wp\/v2\/users\/1"}],"replies":[{"embeddable":true,"href":"https:\/\/www.holzbau-juelich.de\/zimmerei_juelich\/wp-json\/wp\/v2\/comments?post=396"}],"version-history":[{"count":18,"href":"https:\/\/www.holzbau-juelich.de\/zimmerei_juelich\/wp-json\/wp\/v2\/pages\/396\/revisions"}],"predecessor-version":[{"id":435,"href":"https:\/\/www.holzbau-juelich.de\/zimmerei_juelich\/wp-json\/wp\/v2\/pages\/396\/revisions\/435"}],"wp:attachment":[{"href":"https:\/\/www.holzbau-juelich.de\/zimmerei_juelich\/wp-json\/wp\/v2\/media?parent=396"}],"curies":[{"name":"wp","href":"https:\/\/api.w.org\/{rel}","templated":true}]}}