{"id":47,"date":"2019-05-08T15:33:57","date_gmt":"2019-05-08T13:33:57","guid":{"rendered":"https:\/\/www.holzbau-juelich.de\/zimmerei_juelich\/?page_id=47"},"modified":"2019-05-09T10:54:02","modified_gmt":"2019-05-09T08:54:02","slug":"home","status":"publish","type":"page","link":"https:\/\/www.holzbau-juelich.de\/zimmerei_juelich\/","title":{"rendered":"Startseite"},"content":{"rendered":"<p>ZUFRIEDENE KUNDEN DURCH GUTE ARBEIT.<\/p>\n<p>Von Anfang an hat die Zimmerei J\u00fclich dieses Ziel konsequent verfolgt. Beratung durch den Chef pers\u00f6nlich, auf Wunsch Planung und Bauleitung, p\u00fcnktlich und absolut sauber ausgef\u00fchrte Arbeiten und zum Schluss die korrekte Abrechnung. So haben wir schon viele Stammkunden gewonnen.<br \/>\nFalls auch Sie bald dazugeh\u00f6ren wollen, wir sind gerne f\u00fcr Sie da!<\/p>\n<p><span class=\"rot14\"><span style=\"color: #ff0000;\"><b>&#8222;WIL ALBEITEN FL\u00d6HLICH, OHNE MULLEN UND KNULLEN&#8220;<\/b><\/span><br \/>\n<\/span>Kennen Sie noch Bonanza? Hop Sing war bekannt f\u00fcr seine Weisheiten:<br \/>\n<strong>&#8222;Altes chinesisches Splichwolt sagt: &#8222;Albeite fl\u00f6hlich, ohne Mullen und Knullen &#8211; und immel dalan denken: Albeit macht Fleude!&#8220;<\/strong><\/p>\n<p>Dieser weise Spruch begleitet uns nun schon \u00fcber die Jahre: Bei uns gilt, was abgemacht ist. Eine gute und klare Kommunikation zwischen Kunden und Unternehmen und im Unternehmen zwischen den Mitarbeitern schafft ein gutes Arbeitsklima, bei dem aufs &#8222;Bruddeln&#8220; verzichtet werden kann.<br \/>\nUnd last not least: wir arbeiten wirklich und tats\u00e4chlich gerne und mit Freude!<br \/>\nDarauf k\u00f6nnen Sie sich verlassen.<\/p>\n","protected":false},"excerpt":{"rendered":"<p>ZUFRIEDENE KUNDEN DURCH GUTE ARBEIT. Von Anfang an hat die Zimmerei J\u00fclich dieses Ziel konsequent verfolgt. Beratung durch den Chef pers\u00f6nlich, auf Wunsch Planung und Bauleitung, p\u00fcnktlich und absolut sauber ausgef\u00fchrte Arbeiten und zum Schluss die korrekte Abrechnung. So haben&hellip; <\/p>\n","protected":false},"author":1,"featured_media":0,"parent":0,"menu_order":0,"comment_status":"closed","ping_status":"closed","template":"","meta":[],"_links":{"self":[{"href":"https:\/\/www.holzbau-juelich.de\/zimmerei_juelich\/wp-json\/wp\/v2\/pages\/47"}],"collection":[{"href":"https:\/\/www.holzbau-juelich.de\/zimmerei_juelich\/wp-json\/wp\/v2\/pages"}],"about":[{"href":"https:\/\/www.holzbau-juelich.de\/zimmerei_juelich\/wp-json\/wp\/v2\/types\/page"}],"author":[{"embeddable":true,"href":"https:\/\/www.holzbau-juelich.de\/zimmerei_juelich\/wp-json\/wp\/v2\/users\/1"}],"replies":[{"embeddable":true,"href":"https:\/\/www.holzbau-juelich.de\/zimmerei_juelich\/wp-json\/wp\/v2\/comments?post=47"}],"version-history":[{"count":30,"href":"https:\/\/www.holzbau-juelich.de\/zimmerei_juelich\/wp-json\/wp\/v2\/pages\/47\/revisions"}],"predecessor-version":[{"id":437,"href":"https:\/\/www.holzbau-juelich.de\/zimmerei_juelich\/wp-json\/wp\/v2\/pages\/47\/revisions\/437"}],"wp:attachment":[{"href":"https:\/\/www.holzbau-juelich.de\/zimmerei_juelich\/wp-json\/wp\/v2\/media?parent=47"}],"curies":[{"name":"wp","href":"https:\/\/api.w.org\/{rel}","templated":true}]}}